{"id":82,"date":"2021-01-30T13:20:43","date_gmt":"2021-01-30T13:20:43","guid":{"rendered":"https:\/\/imagine-publicidade.com\/2021\/?page_id=82"},"modified":"2022-07-14T11:09:18","modified_gmt":"2022-07-14T11:09:18","slug":"apresentacao","status":"publish","type":"page","link":"https:\/\/imagine-publicidade.com\/2021\/apresentacao\/","title":{"rendered":"A imagine"},"content":{"rendered":"\n<figure class=\"wp-block-image size-large\"><img loading=\"lazy\" decoding=\"async\" width=\"1024\" height=\"768\" src=\"https:\/\/imagine-publicidade.com\/2021\/wp-content\/uploads\/2021\/01\/fachada-1024x768.jpg\" alt=\"\" class=\"wp-image-102\" srcset=\"https:\/\/imagine-publicidade.com\/2021\/wp-content\/uploads\/2021\/01\/fachada-1024x768.jpg 1024w, https:\/\/imagine-publicidade.com\/2021\/wp-content\/uploads\/2021\/01\/fachada-600x450.jpg 600w, https:\/\/imagine-publicidade.com\/2021\/wp-content\/uploads\/2021\/01\/fachada-300x225.jpg 300w, https:\/\/imagine-publicidade.com\/2021\/wp-content\/uploads\/2021\/01\/fachada-768x576.jpg 768w, https:\/\/imagine-publicidade.com\/2021\/wp-content\/uploads\/2021\/01\/fachada.jpg 1438w\" sizes=\"auto, (max-width: 1024px) 100vw, 1024px\" \/><\/figure>\n\n\n\n<p>Estamos especializados no fabrico de reclamos luminosos, pain\u00e9is Led Screen, ecr\u00e3s gigantes, sinal\u00e9tica, sistemas de exposi\u00e7\u00e3o, outdoors e outras estruturas similares.<br>Temos facilidade no fabrico de pe\u00e7as personalizadas nos mais diversos materiais.<br>Fruto de enorme dedica\u00e7\u00e3o e experi\u00eancia acumulada ao longo de 20 anos, contamos com clientes do sector em Portugal, Espanha e Fran\u00e7a.<\/p>\n\n\n\n<div class=\"wp-block-columns is-layout-flex wp-container-core-columns-is-layout-9d6595d7 wp-block-columns-is-layout-flex\">\n<div class=\"wp-block-column is-layout-flow wp-block-column-is-layout-flow\">\n<div class=\"wp-block-columns is-layout-flex wp-container-core-columns-is-layout-9d6595d7 wp-block-columns-is-layout-flex\">\n<div class=\"wp-block-column is-layout-flow wp-block-column-is-layout-flow\">\n<figure class=\"wp-block-image size-full\"><a href=\"https:\/\/imagine-publicidade.com\/2021\/wp-content\/uploads\/2022\/06\/7c5e8c06-30ab-4e3b-b9e9-61c907c115a6-1.jpg\"><img loading=\"lazy\" decoding=\"async\" width=\"1024\" height=\"768\" src=\"https:\/\/imagine-publicidade.com\/2021\/wp-content\/uploads\/2022\/06\/7c5e8c06-30ab-4e3b-b9e9-61c907c115a6-1.jpg\" alt=\"\" class=\"wp-image-575\" srcset=\"https:\/\/imagine-publicidade.com\/2021\/wp-content\/uploads\/2022\/06\/7c5e8c06-30ab-4e3b-b9e9-61c907c115a6-1.jpg 1024w, https:\/\/imagine-publicidade.com\/2021\/wp-content\/uploads\/2022\/06\/7c5e8c06-30ab-4e3b-b9e9-61c907c115a6-1-300x225.jpg 300w, https:\/\/imagine-publicidade.com\/2021\/wp-content\/uploads\/2022\/06\/7c5e8c06-30ab-4e3b-b9e9-61c907c115a6-1-768x576.jpg 768w, https:\/\/imagine-publicidade.com\/2021\/wp-content\/uploads\/2022\/06\/7c5e8c06-30ab-4e3b-b9e9-61c907c115a6-1-600x450.jpg 600w\" sizes=\"auto, (max-width: 1024px) 100vw, 1024px\" \/><\/a><\/figure>\n<\/div>\n\n\n\n<div class=\"wp-block-column is-layout-flow wp-block-column-is-layout-flow\">\n<figure class=\"wp-block-image size-full\"><a href=\"https:\/\/imagine-publicidade.com\/2021\/wp-content\/uploads\/2022\/06\/IMG_0502-1.jpg\"><img loading=\"lazy\" decoding=\"async\" width=\"900\" height=\"675\" src=\"https:\/\/imagine-publicidade.com\/2021\/wp-content\/uploads\/2022\/06\/IMG_0502-1.jpg\" alt=\"\" class=\"wp-image-572\" srcset=\"https:\/\/imagine-publicidade.com\/2021\/wp-content\/uploads\/2022\/06\/IMG_0502-1.jpg 900w, https:\/\/imagine-publicidade.com\/2021\/wp-content\/uploads\/2022\/06\/IMG_0502-1-300x225.jpg 300w, https:\/\/imagine-publicidade.com\/2021\/wp-content\/uploads\/2022\/06\/IMG_0502-1-768x576.jpg 768w, https:\/\/imagine-publicidade.com\/2021\/wp-content\/uploads\/2022\/06\/IMG_0502-1-600x450.jpg 600w\" sizes=\"auto, (max-width: 900px) 100vw, 900px\" \/><\/a><\/figure>\n<\/div>\n<\/div>\n<\/div>\n\n\n\n<div class=\"wp-block-column is-layout-flow wp-block-column-is-layout-flow\">\n<div class=\"wp-block-columns is-layout-flex wp-container-core-columns-is-layout-9d6595d7 wp-block-columns-is-layout-flex\">\n<div class=\"wp-block-column is-layout-flow wp-block-column-is-layout-flow\">\n<figure class=\"wp-block-image size-full\"><a href=\"https:\/\/imagine-publicidade.com\/2021\/wp-content\/uploads\/2022\/06\/IMG_0512-1.jpg\"><img loading=\"lazy\" decoding=\"async\" width=\"900\" height=\"675\" src=\"https:\/\/imagine-publicidade.com\/2021\/wp-content\/uploads\/2022\/06\/IMG_0512-1.jpg\" alt=\"\" class=\"wp-image-571\" srcset=\"https:\/\/imagine-publicidade.com\/2021\/wp-content\/uploads\/2022\/06\/IMG_0512-1.jpg 900w, https:\/\/imagine-publicidade.com\/2021\/wp-content\/uploads\/2022\/06\/IMG_0512-1-300x225.jpg 300w, https:\/\/imagine-publicidade.com\/2021\/wp-content\/uploads\/2022\/06\/IMG_0512-1-768x576.jpg 768w, https:\/\/imagine-publicidade.com\/2021\/wp-content\/uploads\/2022\/06\/IMG_0512-1-600x450.jpg 600w\" sizes=\"auto, (max-width: 900px) 100vw, 900px\" \/><\/a><\/figure>\n<\/div>\n\n\n\n<div class=\"wp-block-column is-layout-flow wp-block-column-is-layout-flow\">\n<figure class=\"wp-block-image size-full\"><a href=\"https:\/\/imagine-publicidade.com\/2021\/wp-content\/uploads\/2022\/06\/IMG_0497-1.jpg\"><img loading=\"lazy\" decoding=\"async\" width=\"900\" height=\"675\" src=\"https:\/\/imagine-publicidade.com\/2021\/wp-content\/uploads\/2022\/06\/IMG_0497-1.jpg\" alt=\"\" class=\"wp-image-574\" srcset=\"https:\/\/imagine-publicidade.com\/2021\/wp-content\/uploads\/2022\/06\/IMG_0497-1.jpg 900w, https:\/\/imagine-publicidade.com\/2021\/wp-content\/uploads\/2022\/06\/IMG_0497-1-300x225.jpg 300w, https:\/\/imagine-publicidade.com\/2021\/wp-content\/uploads\/2022\/06\/IMG_0497-1-768x576.jpg 768w, https:\/\/imagine-publicidade.com\/2021\/wp-content\/uploads\/2022\/06\/IMG_0497-1-600x450.jpg 600w\" sizes=\"auto, (max-width: 900px) 100vw, 900px\" \/><\/a><\/figure>\n<\/div>\n<\/div>\n<\/div>\n\n\n\n<div class=\"wp-block-column is-layout-flow wp-block-column-is-layout-flow\">\n<div class=\"wp-block-columns is-layout-flex wp-container-core-columns-is-layout-9d6595d7 wp-block-columns-is-layout-flex\">\n<div class=\"wp-block-column is-layout-flow wp-block-column-is-layout-flow\">\n<figure class=\"wp-block-image size-full\"><a href=\"https:\/\/imagine-publicidade.com\/2021\/wp-content\/uploads\/2022\/06\/IMG_0498-1.jpg\"><img loading=\"lazy\" decoding=\"async\" width=\"900\" height=\"675\" src=\"https:\/\/imagine-publicidade.com\/2021\/wp-content\/uploads\/2022\/06\/IMG_0498-1.jpg\" alt=\"\" class=\"wp-image-573\" srcset=\"https:\/\/imagine-publicidade.com\/2021\/wp-content\/uploads\/2022\/06\/IMG_0498-1.jpg 900w, https:\/\/imagine-publicidade.com\/2021\/wp-content\/uploads\/2022\/06\/IMG_0498-1-300x225.jpg 300w, https:\/\/imagine-publicidade.com\/2021\/wp-content\/uploads\/2022\/06\/IMG_0498-1-768x576.jpg 768w, https:\/\/imagine-publicidade.com\/2021\/wp-content\/uploads\/2022\/06\/IMG_0498-1-600x450.jpg 600w\" sizes=\"auto, (max-width: 900px) 100vw, 900px\" \/><\/a><\/figure>\n<\/div>\n\n\n\n<div class=\"wp-block-column is-layout-flow wp-block-column-is-layout-flow\">\n<figure class=\"wp-block-image size-full\"><a href=\"https:\/\/imagine-publicidade.com\/2021\/wp-content\/uploads\/2022\/06\/IMG_0511.jpg\"><img loading=\"lazy\" decoding=\"async\" width=\"900\" height=\"675\" src=\"https:\/\/imagine-publicidade.com\/2021\/wp-content\/uploads\/2022\/06\/IMG_0511.jpg\" alt=\"\" class=\"wp-image-566\" srcset=\"https:\/\/imagine-publicidade.com\/2021\/wp-content\/uploads\/2022\/06\/IMG_0511.jpg 900w, https:\/\/imagine-publicidade.com\/2021\/wp-content\/uploads\/2022\/06\/IMG_0511-300x225.jpg 300w, https:\/\/imagine-publicidade.com\/2021\/wp-content\/uploads\/2022\/06\/IMG_0511-768x576.jpg 768w, https:\/\/imagine-publicidade.com\/2021\/wp-content\/uploads\/2022\/06\/IMG_0511-600x450.jpg 600w\" sizes=\"auto, (max-width: 900px) 100vw, 900px\" \/><\/a><\/figure>\n<\/div>\n<\/div>\n<\/div>\n<\/div>\n","protected":false},"excerpt":{"rendered":"<p>Estamos especializados no fabrico de reclamos luminosos, pain\u00e9is Led Screen, ecr\u00e3s gigantes, sinal\u00e9tica, sistemas de exposi\u00e7\u00e3o, outdoors e outras estruturas similares.Temos facilidade no fabrico de pe\u00e7as personalizadas nos mais diversos materiais.Fruto de enorme dedica\u00e7\u00e3o e experi\u00eancia acumulada ao longo de 20 anos, contamos com clientes do sector em Portugal, Espanha e Fran\u00e7a.<\/p>\n","protected":false},"author":1,"featured_media":0,"parent":0,"menu_order":0,"comment_status":"closed","ping_status":"closed","template":"","meta":{"footnotes":""},"class_list":["post-82","page","type-page","status-publish","czr-hentry"],"_links":{"self":[{"href":"https:\/\/imagine-publicidade.com\/2021\/wp-json\/wp\/v2\/pages\/82","targetHints":{"allow":["GET"]}}],"collection":[{"href":"https:\/\/imagine-publicidade.com\/2021\/wp-json\/wp\/v2\/pages"}],"about":[{"href":"https:\/\/imagine-publicidade.com\/2021\/wp-json\/wp\/v2\/types\/page"}],"author":[{"embeddable":true,"href":"https:\/\/imagine-publicidade.com\/2021\/wp-json\/wp\/v2\/users\/1"}],"replies":[{"embeddable":true,"href":"https:\/\/imagine-publicidade.com\/2021\/wp-json\/wp\/v2\/comments?post=82"}],"version-history":[{"count":10,"href":"https:\/\/imagine-publicidade.com\/2021\/wp-json\/wp\/v2\/pages\/82\/revisions"}],"predecessor-version":[{"id":1227,"href":"https:\/\/imagine-publicidade.com\/2021\/wp-json\/wp\/v2\/pages\/82\/revisions\/1227"}],"wp:attachment":[{"href":"https:\/\/imagine-publicidade.com\/2021\/wp-json\/wp\/v2\/media?parent=82"}],"curies":[{"name":"wp","href":"https:\/\/api.w.org\/{rel}","templated":true}]}}